{"id":628,"date":"2025-06-24T09:48:35","date_gmt":"2025-06-24T09:48:35","guid":{"rendered":"https:\/\/www.dredizkaratas.com\/%d0%b1%d0%bb%d0%be%d0%b3\/"},"modified":"2025-11-17T13:19:02","modified_gmt":"2025-11-17T13:19:02","slug":"%d0%b1%d0%bb%d0%be%d0%b3","status":"publish","type":"page","link":"https:\/\/www.dredizkaratas.com\/ru\/%d0%b1%d0%bb%d0%be%d0%b3\/","title":{"rendered":"\u0411\u043b\u043e\u0433"},"content":{"rendered":"\t\t<div data-elementor-type=\"wp-page\" data-elementor-id=\"628\" class=\"elementor elementor-628 elementor-23\" data-elementor-post-type=\"page\">\n\t\t\t\t<div class=\"elementor-element elementor-element-648ff9c e-flex e-con-boxed e-con e-parent\" data-id=\"648ff9c\" data-element_type=\"container\" data-e-type=\"container\">\n\t\t\t\t\t<div class=\"e-con-inner\">\n\t\t\t\t<div class=\"elementor-element elementor-element-80b9a1d elementor-widget elementor-widget-jet-listing-grid\" data-id=\"80b9a1d\" data-element_type=\"widget\" data-e-type=\"widget\" data-settings=\"{&quot;columns_tablet&quot;:&quot;2&quot;,&quot;columns_mobile&quot;:&quot;1&quot;,&quot;columns&quot;:3}\" data-widget_type=\"jet-listing-grid.default\">\n\t\t\t\t\t<div class=\"jet-listing-grid jet-listing\"><div class=\"jet-listing-grid__items grid-col-desk-3 grid-col-tablet-2 grid-col-mobile-1 jet-listing-grid--347 grid-collapse-gap\" data-queried-id=\"628|WP_Post\" data-nav=\"{&quot;enabled&quot;:true,&quot;type&quot;:&quot;scroll&quot;,&quot;more_el&quot;:null,&quot;query&quot;:{&quot;post_status&quot;:[&quot;publish&quot;],&quot;post_type&quot;:&quot;post&quot;,&quot;posts_per_page&quot;:9,&quot;paged&quot;:1,&quot;ignore_sticky_posts&quot;:true,&quot;signature&quot;:&quot;9c9408657224f3d17667d9c9db2b9af07e1a269073b399cbc30d09b68f3f86a7&quot;},&quot;widget_settings&quot;:{&quot;lisitng_id&quot;:347,&quot;posts_num&quot;:9,&quot;columns&quot;:3,&quot;columns_tablet&quot;:2,&quot;columns_mobile&quot;:1,&quot;column_min_width&quot;:240,&quot;column_min_width_tablet&quot;:240,&quot;column_min_width_mobile&quot;:240,&quot;inline_columns_css&quot;:false,&quot;is_archive_template&quot;:&quot;&quot;,&quot;post_status&quot;:[&quot;publish&quot;],&quot;use_random_posts_num&quot;:&quot;&quot;,&quot;max_posts_num&quot;:9,&quot;not_found_message&quot;:&quot;\\u041a\\u043e\\u043d\\u0442\\u0435\\u043d\\u0442 \\u043d\\u0435 \\u043d\\u0430\\u0439\\u0434\\u0435\\u043d&quot;,&quot;is_masonry&quot;:false,&quot;equal_columns_height&quot;:&quot;&quot;,&quot;use_load_more&quot;:&quot;yes&quot;,&quot;load_more_id&quot;:&quot;&quot;,&quot;load_more_type&quot;:&quot;scroll&quot;,&quot;load_more_offset&quot;:{&quot;unit&quot;:&quot;px&quot;,&quot;size&quot;:0,&quot;sizes&quot;:[]},&quot;use_custom_post_types&quot;:&quot;&quot;,&quot;custom_post_types&quot;:[],&quot;hide_widget_if&quot;:&quot;&quot;,&quot;carousel_enabled&quot;:&quot;&quot;,&quot;slides_to_scroll&quot;:&quot;1&quot;,&quot;arrows&quot;:&quot;true&quot;,&quot;arrow_icon&quot;:&quot;fa fa-angle-left&quot;,&quot;dots&quot;:&quot;&quot;,&quot;autoplay&quot;:&quot;true&quot;,&quot;pause_on_hover&quot;:&quot;true&quot;,&quot;autoplay_speed&quot;:5000,&quot;infinite&quot;:&quot;true&quot;,&quot;center_mode&quot;:&quot;&quot;,&quot;effect&quot;:&quot;slide&quot;,&quot;speed&quot;:500,&quot;inject_alternative_items&quot;:&quot;&quot;,&quot;injection_items&quot;:[],&quot;scroll_slider_enabled&quot;:&quot;&quot;,&quot;scroll_slider_on&quot;:[&quot;desktop&quot;,&quot;tablet&quot;,&quot;mobile&quot;],&quot;custom_query&quot;:false,&quot;custom_query_id&quot;:&quot;&quot;,&quot;_element_id&quot;:&quot;&quot;,&quot;collapse_first_last_gap&quot;:&quot;true&quot;,&quot;list_tag_selection&quot;:&quot;&quot;,&quot;list_items_wrapper_tag&quot;:&quot;div&quot;,&quot;list_item_tag&quot;:&quot;div&quot;,&quot;empty_items_wrapper_tag&quot;:&quot;div&quot;}}\" data-page=\"1\" data-pages=\"1\" data-listing-source=\"posts\" data-listing-id=\"347\" data-query-id=\"\"><div class=\"jet-listing-grid__item jet-listing-dynamic-post-764\" data-post-id=\"764\"  >\t\t<div data-elementor-type=\"jet-listing-items\" data-elementor-id=\"891\" class=\"elementor elementor-891 elementor-347 elementor-347\" data-elementor-post-type=\"jet-engine\">\n\t\t\t\t<div class=\"elementor-element elementor-element-cb16cb2 e-flex e-con-boxed e-con e-parent\" data-id=\"cb16cb2\" data-element_type=\"container\" data-e-type=\"container\" data-settings=\"{&quot;background_background&quot;:&quot;classic&quot;}\">\n\t\t\t\t\t<div class=\"e-con-inner\">\n\t\t\t\t<div class=\"elementor-element elementor-element-087c8d0 elementor-widget__width-inherit elementor-widget elementor-widget-theme-post-featured-image elementor-widget-image\" data-id=\"087c8d0\" data-element_type=\"widget\" data-e-type=\"widget\" data-widget_type=\"theme-post-featured-image.default\">\n\t\t\t\t\t\t\t\t\t\t\t\t\t\t\t<img fetchpriority=\"high\" decoding=\"async\" width=\"800\" height=\"480\" src=\"https:\/\/www.dredizkaratas.com\/wp-content\/uploads\/2025\/06\/Human-Papilloma-Virus.jpg\" class=\"attachment-large size-large wp-image-692\" alt=\"HPV\" srcset=\"https:\/\/www.dredizkaratas.com\/wp-content\/uploads\/2025\/06\/Human-Papilloma-Virus.jpg 1000w, https:\/\/www.dredizkaratas.com\/wp-content\/uploads\/2025\/06\/Human-Papilloma-Virus-300x180.jpg 300w, https:\/\/www.dredizkaratas.com\/wp-content\/uploads\/2025\/06\/Human-Papilloma-Virus-768x461.jpg 768w\" sizes=\"(max-width: 800px) 100vw, 800px\" \/>\t\t\t\t\t\t\t\t\t\t\t\t\t\t\t<\/div>\n\t\t\t\t<div class=\"elementor-element elementor-element-1d7f268 elementor-widget__width-inherit elementor-widget elementor-widget-heading\" data-id=\"1d7f268\" data-element_type=\"widget\" data-e-type=\"widget\" data-widget_type=\"heading.default\">\n\t\t\t\t\t<h2 class=\"elementor-heading-title elementor-size-default\"><a href=\"https:\/\/www.dredizkaratas.com\/ru\/%d1%82%d0%b8%d0%bf%d1%8b-%d0%b2%d0%bf%d1%87-%d0%b8-%d1%83%d1%80%d0%be%d0%b2%d0%bd%d0%b8-%d1%80%d0%b8%d1%81%d0%ba%d0%b0-%d0%b2%d1%81%d1%91-%d1%87%d1%82%d0%be-%d0%bd%d1%83%d0%b6%d0%bd%d0%be-%d0%b7\/\">\u0422\u0438\u043f\u044b \u0412\u041f\u0427 \u0438 \u0443\u0440\u043e\u0432\u043d\u0438 \u0440\u0438\u0441\u043a\u0430: \u0432\u0441\u0451, \u0447\u0442\u043e \u043d\u0443\u0436\u043d\u043e \u0437\u043d\u0430\u0442\u044c<\/a><\/h2>\t\t\t\t<\/div>\n\t\t\t\t<div class=\"elementor-element elementor-element-cfff7d2 elementor-widget-divider--view-line elementor-widget elementor-widget-divider\" data-id=\"cfff7d2\" data-element_type=\"widget\" data-e-type=\"widget\" data-widget_type=\"divider.default\">\n\t\t\t\t\t\t\t<div class=\"elementor-divider\">\n\t\t\t<span class=\"elementor-divider-separator\">\n\t\t\t\t\t\t<\/span>\n\t\t<\/div>\n\t\t\t\t\t\t<\/div>\n\t\t\t\t<div class=\"elementor-element elementor-element-8ebee87 elementor-widget__width-inherit elementor-widget elementor-widget-button\" data-id=\"8ebee87\" data-element_type=\"widget\" data-e-type=\"widget\" data-widget_type=\"button.default\">\n\t\t\t\t\t\t\t\t\t\t<a class=\"elementor-button elementor-button-link elementor-size-sm\" href=\"https:\/\/www.dredizkaratas.com\/ru\/%d1%82%d0%b8%d0%bf%d1%8b-%d0%b2%d0%bf%d1%87-%d0%b8-%d1%83%d1%80%d0%be%d0%b2%d0%bd%d0%b8-%d1%80%d0%b8%d1%81%d0%ba%d0%b0-%d0%b2%d1%81%d1%91-%d1%87%d1%82%d0%be-%d0%bd%d1%83%d0%b6%d0%bd%d0%be-%d0%b7\/\">\n\t\t\t\t\t\t<span class=\"elementor-button-content-wrapper\">\n\t\t\t\t\t\t<span class=\"elementor-button-icon\">\n\t\t\t\t<svg xmlns=\"http:\/\/www.w3.org\/2000\/svg\" height=\"24px\" viewBox=\"0 -960 960 960\" width=\"24px\" fill=\"#000000\"><path d=\"m560-240-56-58 142-142H160v-80h486L504-662l56-58 240 240-240 240Z\"><\/path><\/svg>\t\t\t<\/span>\n\t\t\t\t\t\t\t\t\t<span class=\"elementor-button-text\">\u0427\u0438\u0442\u0430\u0442\u044c \u0434\u0430\u043b\u0435\u0435<\/span>\n\t\t\t\t\t<\/span>\n\t\t\t\t\t<\/a>\n\t\t\t\t\t\t\t\t<\/div>\n\t\t\t\t\t<\/div>\n\t\t\t\t<\/div>\n\t\t\t\t<\/div>\n\t\t<\/div><div class=\"jet-listing-grid__item jet-listing-dynamic-post-769\" data-post-id=\"769\"  >\t\t<div data-elementor-type=\"jet-listing-items\" data-elementor-id=\"891\" class=\"elementor elementor-891 elementor-347 elementor-347\" data-elementor-post-type=\"jet-engine\">\n\t\t\t\t<div class=\"elementor-element elementor-element-cb16cb2 e-flex e-con-boxed e-con e-parent\" data-id=\"cb16cb2\" data-element_type=\"container\" data-e-type=\"container\" data-settings=\"{&quot;background_background&quot;:&quot;classic&quot;}\">\n\t\t\t\t\t<div class=\"e-con-inner\">\n\t\t\t\t<div class=\"elementor-element elementor-element-087c8d0 elementor-widget__width-inherit elementor-widget elementor-widget-theme-post-featured-image elementor-widget-image\" data-id=\"087c8d0\" data-element_type=\"widget\" data-e-type=\"widget\" data-widget_type=\"theme-post-featured-image.default\">\n\t\t\t\t\t\t\t\t\t\t\t\t\t\t\t<img decoding=\"async\" width=\"800\" height=\"480\" src=\"https:\/\/www.dredizkaratas.com\/wp-content\/uploads\/2025\/07\/HPV.jpg\" class=\"attachment-large size-large wp-image-768\" alt=\"\" srcset=\"https:\/\/www.dredizkaratas.com\/wp-content\/uploads\/2025\/07\/HPV.jpg 1000w, https:\/\/www.dredizkaratas.com\/wp-content\/uploads\/2025\/07\/HPV-300x180.jpg 300w, https:\/\/www.dredizkaratas.com\/wp-content\/uploads\/2025\/07\/HPV-768x461.jpg 768w\" sizes=\"(max-width: 800px) 100vw, 800px\" \/>\t\t\t\t\t\t\t\t\t\t\t\t\t\t\t<\/div>\n\t\t\t\t<div class=\"elementor-element elementor-element-1d7f268 elementor-widget__width-inherit elementor-widget elementor-widget-heading\" data-id=\"1d7f268\" data-element_type=\"widget\" data-e-type=\"widget\" data-widget_type=\"heading.default\">\n\t\t\t\t\t<h2 class=\"elementor-heading-title elementor-size-default\"><a href=\"https:\/\/www.dredizkaratas.com\/ru\/%d1%87%d1%82%d0%be-%d1%82%d0%b0%d0%ba%d0%be%d0%b5-%d0%b2%d0%bf%d1%87-%d0%ba%d0%be%d0%b3%d0%b4%d0%b0-%d0%bd%d1%83%d0%b6%d0%bd%d0%be-%d0%b4%d0%b5%d0%bb%d0%b0%d1%82%d1%8c-%d0%bc%d0%b0%d0%b7%d0%be%d0%ba\/\">\u0427\u0442\u043e \u0442\u0430\u043a\u043e\u0435 \u0412\u041f\u0427? \u041a\u043e\u0433\u0434\u0430 \u043d\u0443\u0436\u043d\u043e \u0434\u0435\u043b\u0430\u0442\u044c \u043c\u0430\u0437\u043e\u043a \u041f\u0430\u043f\u0430\u043d\u0438\u043a\u043e\u043b\u0430\u0443?<\/a><\/h2>\t\t\t\t<\/div>\n\t\t\t\t<div class=\"elementor-element elementor-element-cfff7d2 elementor-widget-divider--view-line elementor-widget elementor-widget-divider\" data-id=\"cfff7d2\" data-element_type=\"widget\" data-e-type=\"widget\" data-widget_type=\"divider.default\">\n\t\t\t\t\t\t\t<div class=\"elementor-divider\">\n\t\t\t<span class=\"elementor-divider-separator\">\n\t\t\t\t\t\t<\/span>\n\t\t<\/div>\n\t\t\t\t\t\t<\/div>\n\t\t\t\t<div class=\"elementor-element elementor-element-8ebee87 elementor-widget__width-inherit elementor-widget elementor-widget-button\" data-id=\"8ebee87\" data-element_type=\"widget\" data-e-type=\"widget\" data-widget_type=\"button.default\">\n\t\t\t\t\t\t\t\t\t\t<a class=\"elementor-button elementor-button-link elementor-size-sm\" href=\"https:\/\/www.dredizkaratas.com\/ru\/%d1%87%d1%82%d0%be-%d1%82%d0%b0%d0%ba%d0%be%d0%b5-%d0%b2%d0%bf%d1%87-%d0%ba%d0%be%d0%b3%d0%b4%d0%b0-%d0%bd%d1%83%d0%b6%d0%bd%d0%be-%d0%b4%d0%b5%d0%bb%d0%b0%d1%82%d1%8c-%d0%bc%d0%b0%d0%b7%d0%be%d0%ba\/\">\n\t\t\t\t\t\t<span class=\"elementor-button-content-wrapper\">\n\t\t\t\t\t\t<span class=\"elementor-button-icon\">\n\t\t\t\t<svg xmlns=\"http:\/\/www.w3.org\/2000\/svg\" height=\"24px\" viewBox=\"0 -960 960 960\" width=\"24px\" fill=\"#000000\"><path d=\"m560-240-56-58 142-142H160v-80h486L504-662l56-58 240 240-240 240Z\"><\/path><\/svg>\t\t\t<\/span>\n\t\t\t\t\t\t\t\t\t<span class=\"elementor-button-text\">\u0427\u0438\u0442\u0430\u0442\u044c \u0434\u0430\u043b\u0435\u0435<\/span>\n\t\t\t\t\t<\/span>\n\t\t\t\t\t<\/a>\n\t\t\t\t\t\t\t\t<\/div>\n\t\t\t\t\t<\/div>\n\t\t\t\t<\/div>\n\t\t\t\t<\/div>\n\t\t<\/div><div class=\"jet-listing-grid__item jet-listing-dynamic-post-773\" data-post-id=\"773\"  >\t\t<div data-elementor-type=\"jet-listing-items\" data-elementor-id=\"891\" class=\"elementor elementor-891 elementor-347 elementor-347\" data-elementor-post-type=\"jet-engine\">\n\t\t\t\t<div class=\"elementor-element elementor-element-cb16cb2 e-flex e-con-boxed e-con e-parent\" data-id=\"cb16cb2\" data-element_type=\"container\" data-e-type=\"container\" data-settings=\"{&quot;background_background&quot;:&quot;classic&quot;}\">\n\t\t\t\t\t<div class=\"e-con-inner\">\n\t\t\t\t<div class=\"elementor-element elementor-element-087c8d0 elementor-widget__width-inherit elementor-widget elementor-widget-theme-post-featured-image elementor-widget-image\" data-id=\"087c8d0\" data-element_type=\"widget\" data-e-type=\"widget\" data-widget_type=\"theme-post-featured-image.default\">\n\t\t\t\t\t\t\t\t\t\t\t\t\t\t\t<img decoding=\"async\" width=\"800\" height=\"480\" src=\"https:\/\/www.dredizkaratas.com\/wp-content\/uploads\/2025\/07\/Adet-Duzensizlikleri.jpg\" class=\"attachment-large size-large wp-image-752\" alt=\"\" srcset=\"https:\/\/www.dredizkaratas.com\/wp-content\/uploads\/2025\/07\/Adet-Duzensizlikleri.jpg 1000w, https:\/\/www.dredizkaratas.com\/wp-content\/uploads\/2025\/07\/Adet-Duzensizlikleri-300x180.jpg 300w, https:\/\/www.dredizkaratas.com\/wp-content\/uploads\/2025\/07\/Adet-Duzensizlikleri-768x461.jpg 768w\" sizes=\"(max-width: 800px) 100vw, 800px\" \/>\t\t\t\t\t\t\t\t\t\t\t\t\t\t\t<\/div>\n\t\t\t\t<div class=\"elementor-element elementor-element-1d7f268 elementor-widget__width-inherit elementor-widget elementor-widget-heading\" data-id=\"1d7f268\" data-element_type=\"widget\" data-e-type=\"widget\" data-widget_type=\"heading.default\">\n\t\t\t\t\t<h2 class=\"elementor-heading-title elementor-size-default\"><a href=\"https:\/\/www.dredizkaratas.com\/ru\/%d0%bf%d0%be%d1%87%d0%b5%d0%bc%d1%83-%d0%b2%d0%be%d0%b7%d0%bd%d0%b8%d0%ba%d0%b0%d1%8e%d1%82-%d0%bd%d0%b0%d1%80%d1%83%d1%88%d0%b5%d0%bd%d0%b8%d1%8f-%d0%bc%d0%b5%d0%bd%d1%81%d1%82%d1%80%d1%83%d0%b0\/\">\u041f\u043e\u0447\u0435\u043c\u0443 \u0432\u043e\u0437\u043d\u0438\u043a\u0430\u044e\u0442 \u043d\u0430\u0440\u0443\u0448\u0435\u043d\u0438\u044f \u043c\u0435\u043d\u0441\u0442\u0440\u0443\u0430\u043b\u044c\u043d\u043e\u0433\u043e \u0446\u0438\u043a\u043b\u0430? \u041a\u043e\u0433\u0434\u0430 \u043d\u0443\u0436\u043d\u043e \u043e\u0431\u0440\u0430\u0449\u0430\u0442\u044c\u0441\u044f \u043a \u0432\u0440\u0430\u0447\u0443?<\/a><\/h2>\t\t\t\t<\/div>\n\t\t\t\t<div class=\"elementor-element elementor-element-cfff7d2 elementor-widget-divider--view-line elementor-widget elementor-widget-divider\" data-id=\"cfff7d2\" data-element_type=\"widget\" data-e-type=\"widget\" data-widget_type=\"divider.default\">\n\t\t\t\t\t\t\t<div class=\"elementor-divider\">\n\t\t\t<span class=\"elementor-divider-separator\">\n\t\t\t\t\t\t<\/span>\n\t\t<\/div>\n\t\t\t\t\t\t<\/div>\n\t\t\t\t<div class=\"elementor-element elementor-element-8ebee87 elementor-widget__width-inherit elementor-widget elementor-widget-button\" data-id=\"8ebee87\" data-element_type=\"widget\" data-e-type=\"widget\" data-widget_type=\"button.default\">\n\t\t\t\t\t\t\t\t\t\t<a class=\"elementor-button elementor-button-link elementor-size-sm\" href=\"https:\/\/www.dredizkaratas.com\/ru\/%d0%bf%d0%be%d1%87%d0%b5%d0%bc%d1%83-%d0%b2%d0%be%d0%b7%d0%bd%d0%b8%d0%ba%d0%b0%d1%8e%d1%82-%d0%bd%d0%b0%d1%80%d1%83%d1%88%d0%b5%d0%bd%d0%b8%d1%8f-%d0%bc%d0%b5%d0%bd%d1%81%d1%82%d1%80%d1%83%d0%b0\/\">\n\t\t\t\t\t\t<span class=\"elementor-button-content-wrapper\">\n\t\t\t\t\t\t<span class=\"elementor-button-icon\">\n\t\t\t\t<svg xmlns=\"http:\/\/www.w3.org\/2000\/svg\" height=\"24px\" viewBox=\"0 -960 960 960\" width=\"24px\" fill=\"#000000\"><path d=\"m560-240-56-58 142-142H160v-80h486L504-662l56-58 240 240-240 240Z\"><\/path><\/svg>\t\t\t<\/span>\n\t\t\t\t\t\t\t\t\t<span class=\"elementor-button-text\">\u0427\u0438\u0442\u0430\u0442\u044c \u0434\u0430\u043b\u0435\u0435<\/span>\n\t\t\t\t\t<\/span>\n\t\t\t\t\t<\/a>\n\t\t\t\t\t\t\t\t<\/div>\n\t\t\t\t\t<\/div>\n\t\t\t\t<\/div>\n\t\t\t\t<\/div>\n\t\t<\/div><div class=\"jet-listing-grid__item jet-listing-dynamic-post-761\" data-post-id=\"761\"  >\t\t<div data-elementor-type=\"jet-listing-items\" data-elementor-id=\"891\" class=\"elementor elementor-891 elementor-347 elementor-347\" data-elementor-post-type=\"jet-engine\">\n\t\t\t\t<div class=\"elementor-element elementor-element-cb16cb2 e-flex e-con-boxed e-con e-parent\" data-id=\"cb16cb2\" data-element_type=\"container\" data-e-type=\"container\" data-settings=\"{&quot;background_background&quot;:&quot;classic&quot;}\">\n\t\t\t\t\t<div class=\"e-con-inner\">\n\t\t\t\t<div class=\"elementor-element elementor-element-087c8d0 elementor-widget__width-inherit elementor-widget elementor-widget-theme-post-featured-image elementor-widget-image\" data-id=\"087c8d0\" data-element_type=\"widget\" data-e-type=\"widget\" data-widget_type=\"theme-post-featured-image.default\">\n\t\t\t\t\t\t\t\t\t\t\t\t\t\t\t<img loading=\"lazy\" decoding=\"async\" width=\"800\" height=\"480\" src=\"https:\/\/www.dredizkaratas.com\/wp-content\/uploads\/2025\/07\/Gebelik.jpg\" class=\"attachment-large size-large wp-image-760\" alt=\"\" srcset=\"https:\/\/www.dredizkaratas.com\/wp-content\/uploads\/2025\/07\/Gebelik.jpg 1000w, https:\/\/www.dredizkaratas.com\/wp-content\/uploads\/2025\/07\/Gebelik-300x180.jpg 300w, https:\/\/www.dredizkaratas.com\/wp-content\/uploads\/2025\/07\/Gebelik-768x461.jpg 768w\" sizes=\"(max-width: 800px) 100vw, 800px\" \/>\t\t\t\t\t\t\t\t\t\t\t\t\t\t\t<\/div>\n\t\t\t\t<div class=\"elementor-element elementor-element-1d7f268 elementor-widget__width-inherit elementor-widget elementor-widget-heading\" data-id=\"1d7f268\" data-element_type=\"widget\" data-e-type=\"widget\" data-widget_type=\"heading.default\">\n\t\t\t\t\t<h2 class=\"elementor-heading-title elementor-size-default\"><a href=\"https:\/\/www.dredizkaratas.com\/ru\/%d0%bd%d0%b0-%d1%87%d1%82%d0%be-%d0%bd%d1%83%d0%b6%d0%bd%d0%be-%d0%be%d0%b1%d1%80%d0%b0%d1%82%d0%b8%d1%82%d1%8c-%d0%b2%d0%bd%d0%b8%d0%bc%d0%b0%d0%bd%d0%b8%d0%b5-%d0%b2-%d0%bf%d0%b5%d1%80%d0%b2%d1%8b\/\">\u041d\u0430 \u0447\u0442\u043e \u043d\u0443\u0436\u043d\u043e \u043e\u0431\u0440\u0430\u0442\u0438\u0442\u044c \u0432\u043d\u0438\u043c\u0430\u043d\u0438\u0435 \u0432 \u043f\u0435\u0440\u0432\u044b\u0435 3 \u043c\u0435\u0441\u044f\u0446\u0430 \u0431\u0435\u0440\u0435\u043c\u0435\u043d\u043d\u043e\u0441\u0442\u0438?<\/a><\/h2>\t\t\t\t<\/div>\n\t\t\t\t<div class=\"elementor-element elementor-element-cfff7d2 elementor-widget-divider--view-line elementor-widget elementor-widget-divider\" data-id=\"cfff7d2\" data-element_type=\"widget\" data-e-type=\"widget\" data-widget_type=\"divider.default\">\n\t\t\t\t\t\t\t<div class=\"elementor-divider\">\n\t\t\t<span class=\"elementor-divider-separator\">\n\t\t\t\t\t\t<\/span>\n\t\t<\/div>\n\t\t\t\t\t\t<\/div>\n\t\t\t\t<div class=\"elementor-element elementor-element-8ebee87 elementor-widget__width-inherit elementor-widget elementor-widget-button\" data-id=\"8ebee87\" data-element_type=\"widget\" data-e-type=\"widget\" data-widget_type=\"button.default\">\n\t\t\t\t\t\t\t\t\t\t<a class=\"elementor-button elementor-button-link elementor-size-sm\" href=\"https:\/\/www.dredizkaratas.com\/ru\/%d0%bd%d0%b0-%d1%87%d1%82%d0%be-%d0%bd%d1%83%d0%b6%d0%bd%d0%be-%d0%be%d0%b1%d1%80%d0%b0%d1%82%d0%b8%d1%82%d1%8c-%d0%b2%d0%bd%d0%b8%d0%bc%d0%b0%d0%bd%d0%b8%d0%b5-%d0%b2-%d0%bf%d0%b5%d1%80%d0%b2%d1%8b\/\">\n\t\t\t\t\t\t<span class=\"elementor-button-content-wrapper\">\n\t\t\t\t\t\t<span class=\"elementor-button-icon\">\n\t\t\t\t<svg xmlns=\"http:\/\/www.w3.org\/2000\/svg\" height=\"24px\" viewBox=\"0 -960 960 960\" width=\"24px\" fill=\"#000000\"><path d=\"m560-240-56-58 142-142H160v-80h486L504-662l56-58 240 240-240 240Z\"><\/path><\/svg>\t\t\t<\/span>\n\t\t\t\t\t\t\t\t\t<span class=\"elementor-button-text\">\u0427\u0438\u0442\u0430\u0442\u044c \u0434\u0430\u043b\u0435\u0435<\/span>\n\t\t\t\t\t<\/span>\n\t\t\t\t\t<\/a>\n\t\t\t\t\t\t\t\t<\/div>\n\t\t\t\t\t<\/div>\n\t\t\t\t<\/div>\n\t\t\t\t<\/div>\n\t\t<\/div><\/div><div class=\"jet-listing-grid__loader\"><div class=\"jet-listing-grid__loader-spinner\"><\/div><div class=\"jet-listing-grid__loader-text\">Y\u00fckleniyor...<\/div><\/div><\/div>\t\t\t\t<\/div>\n\t\t\t\t\t<\/div>\n\t\t\t\t<\/div>\n\t\t\t\t<\/div>\n\t\t","protected":false},"excerpt":{"rendered":"<p>Devam\u0131n\u0131 Oku Devam\u0131n\u0131 Oku Devam\u0131n\u0131 Oku Devam\u0131n\u0131 Oku Y\u00fckleniyor&#8230;<\/p>\n","protected":false},"author":1,"featured_media":0,"parent":0,"menu_order":0,"comment_status":"closed","ping_status":"closed","template":"","meta":{"footnotes":""},"class_list":["post-628","page","type-page","status-publish","hentry"],"_hostinger_reach_plugin_has_subscription_block":false,"_hostinger_reach_plugin_is_elementor":false,"_links":{"self":[{"href":"https:\/\/www.dredizkaratas.com\/ru\/wp-json\/wp\/v2\/pages\/628","targetHints":{"allow":["GET"]}}],"collection":[{"href":"https:\/\/www.dredizkaratas.com\/ru\/wp-json\/wp\/v2\/pages"}],"about":[{"href":"https:\/\/www.dredizkaratas.com\/ru\/wp-json\/wp\/v2\/types\/page"}],"author":[{"embeddable":true,"href":"https:\/\/www.dredizkaratas.com\/ru\/wp-json\/wp\/v2\/users\/1"}],"replies":[{"embeddable":true,"href":"https:\/\/www.dredizkaratas.com\/ru\/wp-json\/wp\/v2\/comments?post=628"}],"version-history":[{"count":0,"href":"https:\/\/www.dredizkaratas.com\/ru\/wp-json\/wp\/v2\/pages\/628\/revisions"}],"wp:attachment":[{"href":"https:\/\/www.dredizkaratas.com\/ru\/wp-json\/wp\/v2\/media?parent=628"}],"curies":[{"name":"wp","href":"https:\/\/api.w.org\/{rel}","templated":true}]}}